{"id":10,"date":"2021-09-20T12:46:49","date_gmt":"2021-09-20T17:46:49","guid":{"rendered":"https:\/\/www.sana-wellness.com\/?page_id=10"},"modified":"2021-09-21T13:06:39","modified_gmt":"2021-09-21T18:06:39","slug":"refund_returns","status":"publish","type":"page","link":"https:\/\/www.sana-wellness.com\/espanol\/refund_returns\/","title":{"rendered":"Pol\u00edtica de reembolsos y devoluciones"},"content":{"rendered":"<p>Nuestra pol\u00edtica de devoluciones y reembolsos tiene una duraci\u00f3n de 30 d\u00edas. Si han pasado 30 d\u00edas desde su compra, no podemos ofrecerle un reembolso completo o cambio.<\/p>\n\n\n\n<p>Para ser elegible para una devoluci\u00f3n, su art\u00edculo debe estar sin usar y en las mismas condiciones en que lo recibi\u00f3. Tambi\u00e9n debe estar en el embalaje original.<\/p>\n\n\n\n<p>Art\u00edculos no retornables:<\/p>\n\n\n\n<ul class=\"wp-block-list\"><li>Articulos usados<\/li><li>Productos digitales descargables<\/li><\/ul>\n\n\n\n<p>Para completar su devoluci\u00f3n, necesitamos un recibo o comprobante de compra.<\/p>\n\n\n\n<p>Hay ciertas situaciones en las que solo se otorgan reembolsos parciales:<\/p>\n\n\n\n<ul class=\"wp-block-list\"><li>Cualquier art\u00edculo que no est\u00e9 en su estado original, est\u00e9 da\u00f1ado o le falten piezas por razones que no se deben a nuestro error.<\/li><li>Cualquier art\u00edculo que se devuelva m\u00e1s de 30 d\u00edas despu\u00e9s de la entrega.<\/li><\/ul>\n\n\n\n<p>Una vez que se reciba e inspeccione su devoluci\u00f3n, le enviaremos un correo electr\u00f3nico para notificarle que hemos recibido su art\u00edculo devuelto. Tambi\u00e9n le notificaremos la aprobaci\u00f3n o el rechazo de su reembolso.<\/p>\n\n\n\n<p>Si lo aprueban, se procesar\u00e1 su reembolso y se aplicar\u00e1 autom\u00e1ticamente un cr\u00e9dito a su tarjeta de cr\u00e9dito o m\u00e9todo de pago original, dentro de una cierta cantidad de d\u00edas.<\/p>\n\n\n\n<p>Solo reemplazamos art\u00edculos si est\u00e1n defectuosos o da\u00f1ados. Si necesita cambiarlo por el mismo art\u00edculo, <a href=\"https:\/\/www.sana-wellness.com\/espanol\/contact\/\" data-type=\"page\" data-id=\"266\">Cont\u00e1ctenos<\/a> para obtener instrucciones.<\/p>\n\n\n\n<p>Si el art\u00edculo se marc\u00f3 como regalo cuando lo compr\u00f3 y se lo envi\u00f3 directamente, recibir\u00e1 un cr\u00e9dito de regalo por el valor de su devoluci\u00f3n. Una vez que se reciba el art\u00edculo devuelto, se le enviar\u00e1 por correo un certificado de regalo.<\/p>\n\n\n\n<p>Si el art\u00edculo no se marc\u00f3 como regalo cuando se compr\u00f3, o si el obsequio se envi\u00f3 el pedido a s\u00ed mismo para entreg\u00e1rselo a usted m\u00e1s tarde, le enviaremos un reembolso al obsequio y se enterar\u00e1 de su devoluci\u00f3n.<\/p>\n\n\n\n<p>Para devolver su producto, <a href=\"https:\/\/www.sana-wellness.com\/espanol\/contact\/\" data-type=\"page\" data-id=\"266\">Cont\u00e1ctenos<\/a> para obtener instrucciones.<\/p>\n\n\n\n<p>Usted ser\u00e1 responsable de pagar sus propios costos de env\u00edo para devolver su art\u00edculo. Los gastos de env\u00edo no son reembolsables. Si recibe un reembolso, el costo del env\u00edo de devoluci\u00f3n se deducir\u00e1 de su reembolso.<\/p>\n\n\n\n<p>Dependiendo de d\u00f3nde viva, el tiempo que le tome al producto intercambiado llegar a usted puede variar.<\/p>\n\n\n\n<p>Si devuelve art\u00edculos m\u00e1s caros, puede considerar utilizar un servicio de env\u00edo rastreable o comprar un seguro de env\u00edo. No garantizamos que recibiremos su art\u00edculo devuelto.<\/p>\n\n\n\n<p><a href=\"https:\/\/www.sana-wellness.com\/espanol\/contact\/\" data-type=\"page\" data-id=\"266\">Cont\u00e1ctenos<\/a> para preguntas relacionadas con reembolsos y devoluciones.<\/p>","protected":false},"excerpt":{"rendered":"<p>Our refund and returns policy lasts 30 days. If 30 days have passed since your purchase, we can\u2019t offer you a full refund or exchange. To be eligible for a return, your item must be unused and in the same condition that you received it. It must also be in the original packaging. Non-returnable items: [&hellip;]<\/p>\n","protected":false},"author":1,"featured_media":0,"parent":0,"menu_order":0,"comment_status":"closed","ping_status":"closed","template":"","meta":{"footnotes":""},"class_list":["post-10","page","type-page","status-publish","hentry"],"jetpack_sharing_enabled":true,"_links":{"self":[{"href":"https:\/\/www.sana-wellness.com\/espanol\/wp-json\/wp\/v2\/pages\/10","targetHints":{"allow":["GET"]}}],"collection":[{"href":"https:\/\/www.sana-wellness.com\/espanol\/wp-json\/wp\/v2\/pages"}],"about":[{"href":"https:\/\/www.sana-wellness.com\/espanol\/wp-json\/wp\/v2\/types\/page"}],"author":[{"embeddable":true,"href":"https:\/\/www.sana-wellness.com\/espanol\/wp-json\/wp\/v2\/users\/1"}],"replies":[{"embeddable":true,"href":"https:\/\/www.sana-wellness.com\/espanol\/wp-json\/wp\/v2\/comments?post=10"}],"version-history":[{"count":3,"href":"https:\/\/www.sana-wellness.com\/espanol\/wp-json\/wp\/v2\/pages\/10\/revisions"}],"predecessor-version":[{"id":335,"href":"https:\/\/www.sana-wellness.com\/espanol\/wp-json\/wp\/v2\/pages\/10\/revisions\/335"}],"wp:attachment":[{"href":"https:\/\/www.sana-wellness.com\/espanol\/wp-json\/wp\/v2\/media?parent=10"}],"curies":[{"name":"wp","href":"https:\/\/api.w.org\/{rel}","templated":true}]}}