{"id":868,"date":"2022-10-09T11:22:12","date_gmt":"2022-10-09T16:22:12","guid":{"rendered":"https:\/\/www.sana-wellness.com\/?page_id=868"},"modified":"2023-07-02T15:48:15","modified_gmt":"2023-07-02T20:48:15","slug":"psychotherapy-services","status":"publish","type":"page","link":"https:\/\/www.sana-wellness.com\/espanol\/psychotherapy-services\/","title":{"rendered":"Servicios de Psicoterapia"},"content":{"rendered":"<p>En Sana Wellness LLC puedes encontrar servicios de psicoterapia en espa\u00f1ol y en ingl\u00e9s. Sana Wellness LLC reconoce la psicoterapia como una v\u00eda v\u00e1lida y efectiva para sanar heridas emocionales y para aprender herramientas para lidiar con situaciones dif\u00edciles que se le presentan a uno durante la vida.<\/p>\n\n\n\n<p><strong>\u00bfQu\u00e9 es la psicoterapia?<\/strong><\/p>\n\n\n\n<p>La psicoterapia es un proceso en el que el terapeuta y el cliente, y a veces otros miembros de la familia, discuten una mir\u00edada de temas, eventos, experiencias y recuerdos con el prop\u00f3sito de crear un cambio positivo para que los clientes puedan entenderse mejor a s\u00ed mismos, as\u00ed como cualquier problema o dificultad que puedan estar experimentando.<\/p>\n\n\n\n<p>La psicoterapia es un esfuerzo conjunto entre el cliente y el terapeuta. El progreso y el \u00e9xito pueden variar dependiendo de los problemas o cuestiones particulares que se aborden, as\u00ed como de muchos otros factores. Participar en la terapia puede generar una serie de beneficios para el cliente, que incluyen, entre otros, reducci\u00f3n del estr\u00e9s y la ansiedad, disminuci\u00f3n de los pensamientos y comportamientos negativos, mejores relaciones interpersonales, aumento de la confianza en s\u00ed mismo; y mayor comodidad en entornos sociales, escolares y familiares. Dichos beneficios tambi\u00e9n pueden requerir un esfuerzo sustancial por parte del cliente, as\u00ed como de sus cuidadores y\/o miembros de la familia, incluida una participaci\u00f3n activa en el proceso terap\u00e9utico, honestidad y voluntad de cambiar sentimientos, pensamientos y comportamientos.<\/p>\n\n\n\n<p><strong>\u00bfQui\u00e9n se puede beneficiar de la psicoterapia?<\/strong><\/p>\n\n\n\n<p>Las personas que est\u00e1n presentando un trastorno de salud mental se pueden beneficiar enormemente de la psicoterapia. Sin embargo, hay personas que no tienen un trastorno de salud mental que tambi\u00e9n encuentran beneficios en la psicoterapia debido a que \u00e9sta ayuda a las personas y a sus familias a aprender herramientas para lidiar con problemas de la vida que a veces son dif\u00edciles de afrontar y superar.<\/p>\n\n\n\n<p><strong>\u00bfLas personas que reciben servicios de psicoterapia o que van al psic\u00f3logo est\u00e1n locas?<\/strong><\/p>\n\n\n\n<p>Existe la creencia de que las personas con trastornos de salud mental est\u00e1n locas. Sin embargo es importante desmontar este mito porque esto hace que las personas no busquen ayuda debido al miedo o verg\u00fcenza que les producir\u00eda un rechazo de la sociedad o de sus familiares.&nbsp;<\/p>\n\n\n\n<p>La realidad es que las personas que desarrollan un trastorno mental no est\u00e1n locas, ni endemoniadas, y tampoco tienen algo defectuoso que les quita valor como personas. Las personas que sufren de trastornos mentales son seres humanos que como cualquier otro merecen ser amados, respetados, valorados y que merecen recibir una ayuda adecuada. Las personas con trastornos mentales tienen una condici\u00f3n que as\u00ed como las enfermedades f\u00edsicas debe ser tratada y un psic\u00f3logo y\/o psiquiatra, as\u00ed como el m\u00e9dico, puede guiar a su paciente sobre qu\u00e9 caminos tomar para su sanaci\u00f3n emocional.<\/p>\n\n\n\n<p><strong>\u00bfQu\u00e9 es un trastorno mental? <\/strong><\/p>\n\n\n\n<p>Es una condici\u00f3n que impacta los sentimientos, pensamientos y\/o comportamientos de las personas de tal manera que en algunos casos afectan su capacidad para realizar tareas de su vida diaria (Organizaci\u00f3n Mundial de la Salud, 8 de Junio 2022) y pueden tambi\u00e9n impactar su vida familiar, social, escolar o laboral.&nbsp;<\/p>\n\n\n\n<p>Algunos ejemplos de trastornos de salud mental son:<\/p>\n\n\n\n<ul class=\"wp-block-list\">\n<li>Trastornos depresivos<\/li>\n\n\n\n<li>Trastornos de ansiedad<\/li>\n\n\n\n<li>Trastorno bipolar y relacionados<\/li>\n\n\n\n<li>Trastornos relacionados al trauma y el estr\u00e9s: trastorno de estr\u00e9s post traum\u00e1tico, trastornos de adaptaci\u00f3n<\/li>\n\n\n\n<li>Trastornos alimentarios: Bulimia, anorexia<\/li>\n\n\n\n<li>Trastornos del consumo de sustancias: adicciones<\/li>\n\n\n\n<li>Trastornos del neurodesarrollo: Autismo, d\u00e9ficit de atenci\u00f3n<\/li>\n\n\n\n<li>Esquizofrenia y otros trastornos psic\u00f3ticos<\/li>\n\n\n\n<li>Trastornos sexuales<\/li>\n\n\n\n<li>Trastornos del sue\u00f1o<\/li>\n\n\n\n<li>Trastornos de la personalidad<\/li>\n\n\n\n<li>Trastornos del control de impulsos<\/li>\n\n\n\n<li>Trastornos neurocognitivos<\/li>\n<\/ul>\n\n\n\n<p><strong>\u00bfCu\u00e1les son las causas de los trastornos mentales? <\/strong><\/p>\n\n\n\n<p>Hay una gran cantidad de factores que pueden influir en el desarrollo de un trastorno mental. Entre estos factores se encuentran:&nbsp;<\/p>\n\n\n\n<ul class=\"wp-block-list\">\n<li>Factores Gen\u00e9ticos<\/li>\n\n\n\n<li>Factores biol\u00f3gicos como desequilibrios en las qu\u00edmicos del cerebro<\/li>\n\n\n\n<li>Adverse experiences in the person\u2019s life<\/li>\n\n\n\n<li>Una lesi\u00f3n cerebral<\/li>\n\n\n\n<li>Enfermedades m\u00e9dicas<\/li>\n\n\n\n<li>Historia familiar<\/li>\n\n\n\n<li>Si la madre de la persona consumi\u00f3 drogas durante el embarazo o si ese beb\u00e9 fue expuesto a qu\u00edmicos<\/li>\n\n\n\n<li>El consumo de alcohol o drogas<a href=\"https:\/\/medlineplus.gov\/spanish\/mentaldisorders.html\">https:\/\/medlineplus.gov\/spanish\/mentaldisorders.html<\/a>)<\/li>\n<\/ul>\n\n\n\n<p>Estos factores tambi\u00e9n pueden llegar a determinar la gravedad y cronicidad de la condici\u00f3n mental. Hay trastornos que se pueden sanar y hay otros con lo que determinadas personas tienen que lidiar de por vida. As\u00ed como pasa en las enfermedades f\u00edsicas, hay trastornos mentales que son graves y deben ser tratados a trav\u00e9s de la hospitalizaci\u00f3n, hay unos que requieren medicaci\u00f3n y hay otros m\u00e1s leves que pueden tratarse sin medicaci\u00f3n y con s\u00f3lo psicoterapia fuera de un hospital.<\/p>\n\n\n\n<p>SI DESEA PROGRAMAR UNA CITA DE PSICOTERAPIA  O SI DESEA HACER M\u00c1S PREGUNTAS ACERCA DE SI LA PSICOTERAPIA PODR\u00cdA BENEFICIARLE, LLAME AL <strong>651-249-5723<\/strong><\/p>\n\n\n\n<p>Lugares donde Sana Wellness LLC provee servicios de psicoterapia:<\/p>\n\n\n\n<ol class=\"wp-block-list\">\n<li>El Mercado Central, 1515 E Lake St, Suite 211, Minneapolis , MN 55407<\/li>\n\n\n\n<li>5005 1\/2 S 34th Ave Unit 3, Minneapolis, MN 55417<\/li>\n<\/ol>\n\n\n\n<p>TAMBI\u00c9N PROVEEMOS SERVICIOS POR VIDEOLLAMADA SI ESTO ES M\u00c1S CONVENIENTE PARA TI<\/p>","protected":false},"excerpt":{"rendered":"<p>At Sana Wellness LLC you can find psychotherapy services in Spanish and English. Sana Wellness LLC recognizes psychotherapy as a valid and effective way to heal emotional wounds and to learn tools to deal with difficult situations that arise during life. What is psychotherapy? Psychotherapy is a process in which the therapist and client, and [&hellip;]<\/p>\n","protected":false},"author":2,"featured_media":0,"parent":0,"menu_order":0,"comment_status":"closed","ping_status":"closed","template":"","meta":{"footnotes":""},"class_list":["post-868","page","type-page","status-publish","hentry"],"jetpack_sharing_enabled":true,"_links":{"self":[{"href":"https:\/\/www.sana-wellness.com\/espanol\/wp-json\/wp\/v2\/pages\/868","targetHints":{"allow":["GET"]}}],"collection":[{"href":"https:\/\/www.sana-wellness.com\/espanol\/wp-json\/wp\/v2\/pages"}],"about":[{"href":"https:\/\/www.sana-wellness.com\/espanol\/wp-json\/wp\/v2\/types\/page"}],"author":[{"embeddable":true,"href":"https:\/\/www.sana-wellness.com\/espanol\/wp-json\/wp\/v2\/users\/2"}],"replies":[{"embeddable":true,"href":"https:\/\/www.sana-wellness.com\/espanol\/wp-json\/wp\/v2\/comments?post=868"}],"version-history":[{"count":3,"href":"https:\/\/www.sana-wellness.com\/espanol\/wp-json\/wp\/v2\/pages\/868\/revisions"}],"predecessor-version":[{"id":1491,"href":"https:\/\/www.sana-wellness.com\/espanol\/wp-json\/wp\/v2\/pages\/868\/revisions\/1491"}],"wp:attachment":[{"href":"https:\/\/www.sana-wellness.com\/espanol\/wp-json\/wp\/v2\/media?parent=868"}],"curies":[{"name":"wp","href":"https:\/\/api.w.org\/{rel}","templated":true}]}}