{"id":167,"date":"2021-09-19T16:29:11","date_gmt":"2021-09-19T21:29:11","guid":{"rendered":"https:\/\/www.sana-wellness.com\/product\/stainless-steel-water-bottle\/"},"modified":"2025-05-19T14:21:38","modified_gmt":"2025-05-19T19:21:38","slug":"stainless-steel-water-bottle","status":"publish","type":"product","link":"https:\/\/www.sana-wellness.com\/espanol\/producto\/stainless-steel-water-bottle\/","title":{"rendered":"Botella de agua de acero inoxidable"},"content":{"rendered":"<p>Esta botella de agua de acero inoxidable de doble pared de 17 onzas es perfecta para sus salidas diarias. Mantendr\u00e1 su bebida preferida caliente o fr\u00eda durante horas. Tambi\u00e9n cuenta con una tapa a prueba de olores y fugas. T\u00edrelo en el portavasos de su autom\u00f3vil de camino al trabajo, ll\u00e9velo con usted de excursi\u00f3n o t\u00edrelo en su bolso cuando tenga sed.<\/p>\n<p>\u2022 Acero inoxidable de alta calidad<br \/>\n\u2022 17 oz (500 ml)<br \/>\n\u2022 Dimensiones: 10,5 \u2033 \u00d7 2,85 \u2033 (27 \u00d7 7 cm)<br \/>\n\u2022 Dosis de vacuna<br \/>\n\u2022 Construcci\u00f3n de doble pared<br \/>\n\u2022 Forma de boliche<br \/>\n\u2022 Tap\u00f3n inodoro y a prueba de fugas<br \/>\n\u2022 Aislada para l\u00edquidos fr\u00edos y calientes (mantiene el l\u00edquido caliente o fr\u00edo durante 6 h)<br \/>\n\u2022 Recubrimiento ORCA patentado para colores vibrantes<br \/>\n\u2022 Lavar a mano \u00fanicamente (no se recomienda el lavavajillas debido al sello de vac\u00edo)<br \/>\n\u2022 Producto en blanco procedente de China<\/p>","protected":false},"excerpt":{"rendered":"<p>This 17-ounce, double-walled stainless steel water bottle is perfect for your daily outings. It will keep your drink of choice hot or cold for hours. It also features an odor- and leak-proof cap. Throw it in your car&#8217;s cup holder on your way to work, take it with you on hikes, or toss it in [&hellip;]<\/p>\n","protected":false},"featured_media":168,"comment_status":"open","ping_status":"closed","template":"","meta":[],"product_brand":[],"product_cat":[17],"product_tag":[],"class_list":{"0":"post-167","1":"product","2":"type-product","3":"status-publish","4":"has-post-thumbnail","6":"product_cat-accessories","8":"first","9":"instock","10":"featured","11":"taxable","12":"shipping-taxable","13":"purchasable","14":"product-type-simple"},"jetpack_sharing_enabled":true,"_links":{"self":[{"href":"https:\/\/www.sana-wellness.com\/espanol\/wp-json\/wp\/v2\/product\/167","targetHints":{"allow":["GET"]}}],"collection":[{"href":"https:\/\/www.sana-wellness.com\/espanol\/wp-json\/wp\/v2\/product"}],"about":[{"href":"https:\/\/www.sana-wellness.com\/espanol\/wp-json\/wp\/v2\/types\/product"}],"replies":[{"embeddable":true,"href":"https:\/\/www.sana-wellness.com\/espanol\/wp-json\/wp\/v2\/comments?post=167"}],"wp:featuredmedia":[{"embeddable":true,"href":"https:\/\/www.sana-wellness.com\/espanol\/wp-json\/wp\/v2\/media\/168"}],"wp:attachment":[{"href":"https:\/\/www.sana-wellness.com\/espanol\/wp-json\/wp\/v2\/media?parent=167"}],"wp:term":[{"taxonomy":"product_brand","embeddable":true,"href":"https:\/\/www.sana-wellness.com\/espanol\/wp-json\/wp\/v2\/product_brand?post=167"},{"taxonomy":"product_cat","embeddable":true,"href":"https:\/\/www.sana-wellness.com\/espanol\/wp-json\/wp\/v2\/product_cat?post=167"},{"taxonomy":"product_tag","embeddable":true,"href":"https:\/\/www.sana-wellness.com\/espanol\/wp-json\/wp\/v2\/product_tag?post=167"}],"curies":[{"name":"wp","href":"https:\/\/api.w.org\/{rel}","templated":true}]}}