{"id":173,"date":"2021-09-19T16:38:35","date_gmt":"2021-09-19T21:38:35","guid":{"rendered":"https:\/\/www.sana-wellness.com\/product\/white-glossy-mug\/"},"modified":"2021-09-20T16:34:09","modified_gmt":"2021-09-20T21:34:09","slug":"white-glossy-mug","status":"publish","type":"product","link":"https:\/\/www.sana-wellness.com\/espanol\/producto\/white-glossy-mug\/","title":{"rendered":"Taza blanca brillante"},"content":{"rendered":"<p>Ya sea que est\u00e9 tomando su caf\u00e9 de la ma\u00f1ana, el t\u00e9 de la tarde o algo intermedio, \u00a1esta taza es para usted! Es resistente y brillante con una impresi\u00f3n v\u00edvida que resistir\u00e1 el microondas y el lavavajillas.<\/p>\n<p>\u2022 Cer\u00e1mica<br \/>\n\u2022 Tama\u00f1o de la taza de 11 oz: 3,85 &quot;(9,8 cm) de altura, 3,35&quot; (8,5 cm) de di\u00e1metro<br \/>\n\u2022 Dimensiones de la taza de 15 oz: 4,7 &quot;(12 cm) de altura, 3,35&quot; (8,5 cm) de di\u00e1metro<br \/>\n\u2022 Apto para lavavajillas y microondas<br \/>\n\u2022 Producto en blanco procedente de China<\/p>","protected":false},"excerpt":{"rendered":"<p>Whether you&#8217;re drinking your morning coffee, evening tea, or something in between \u2013 this mug&#8217;s for you! It&#8217;s sturdy and glossy with a vivid print that&#8217;ll withstand the microwave and dishwasher. \u2022 Ceramic \u2022 11 oz mug dimensions: 3.85\u2033 (9.8 cm) in height, 3.35\u2033 (8.5 cm) in diameter \u2022 15 oz mug dimensions: 4.7\u2033 (12 [&hellip;]<\/p>\n","protected":false},"featured_media":176,"comment_status":"open","ping_status":"closed","template":"","meta":[],"product_brand":[],"product_cat":[17],"product_tag":[],"class_list":{"0":"post-173","1":"product","2":"type-product","3":"status-publish","4":"has-post-thumbnail","6":"product_cat-accessories","8":"first","9":"instock","10":"taxable","11":"shipping-taxable","12":"purchasable","13":"product-type-variable"},"jetpack_sharing_enabled":true,"_links":{"self":[{"href":"https:\/\/www.sana-wellness.com\/espanol\/wp-json\/wp\/v2\/product\/173","targetHints":{"allow":["GET"]}}],"collection":[{"href":"https:\/\/www.sana-wellness.com\/espanol\/wp-json\/wp\/v2\/product"}],"about":[{"href":"https:\/\/www.sana-wellness.com\/espanol\/wp-json\/wp\/v2\/types\/product"}],"replies":[{"embeddable":true,"href":"https:\/\/www.sana-wellness.com\/espanol\/wp-json\/wp\/v2\/comments?post=173"}],"wp:featuredmedia":[{"embeddable":true,"href":"https:\/\/www.sana-wellness.com\/espanol\/wp-json\/wp\/v2\/media\/176"}],"wp:attachment":[{"href":"https:\/\/www.sana-wellness.com\/espanol\/wp-json\/wp\/v2\/media?parent=173"}],"wp:term":[{"taxonomy":"product_brand","embeddable":true,"href":"https:\/\/www.sana-wellness.com\/espanol\/wp-json\/wp\/v2\/product_brand?post=173"},{"taxonomy":"product_cat","embeddable":true,"href":"https:\/\/www.sana-wellness.com\/espanol\/wp-json\/wp\/v2\/product_cat?post=173"},{"taxonomy":"product_tag","embeddable":true,"href":"https:\/\/www.sana-wellness.com\/espanol\/wp-json\/wp\/v2\/product_tag?post=173"}],"curies":[{"name":"wp","href":"https:\/\/api.w.org\/{rel}","templated":true}]}}