{"id":236,"date":"2021-09-20T08:55:46","date_gmt":"2021-09-20T13:55:46","guid":{"rendered":"https:\/\/www.sana-wellness.com\/product\/toddler-short-sleeve-tee\/"},"modified":"2021-09-20T09:01:42","modified_gmt":"2021-09-20T14:01:42","slug":"toddler-short-sleeve-tee","status":"publish","type":"product","link":"https:\/\/www.sana-wellness.com\/espanol\/producto\/toddler-short-sleeve-tee\/","title":{"rendered":"Camiseta de manga corta para ni\u00f1os peque\u00f1os"},"content":{"rendered":"<p>Deja que tu peque\u00f1o haga lo suyo mientras se siente s\u00faper c\u00f3modo y luce m\u00e1s elegante con esta camiseta de jersey de manga corta de algod\u00f3n 100% con un estampado \u00fanico. La camiseta es suave, duradera y est\u00e1 destinada a convertirse en el elemento b\u00e1sico del guardarropa de su ni\u00f1o peque\u00f1o. <\/p>\n<p>\u2022 100% algod\u00f3n peinado e hilado en anillos<br \/>\n\u2022 Peso de la tela: 4.2 oz \/ yd\u00b2 (142 g \/ m\u00b2)<br \/>\n\u2022 Ajuste relajado para mayor comodidad<br \/>\n\u2022 Construcci\u00f3n de costuras laterales<br \/>\n\u2022 Tejido preencogido<\/p>","protected":false},"excerpt":{"rendered":"<p>Let your toddler do their thing while feeling super comfy and looking extra stylish in this short-sleeve jersey t-shirt from 100% cotton with a unique print. The tee is soft, durable, and bound to become the staple of your toddler&#8217;s wardrobe. \u2022 100% combed and ring-spun cotton \u2022 Fabric weight: 4.2 oz\/yd\u00b2 (142 g\/m\u00b2) \u2022 [&hellip;]<\/p>\n","protected":false},"featured_media":241,"comment_status":"open","ping_status":"closed","template":"","meta":[],"product_brand":[],"product_cat":[20,36],"product_tag":[],"class_list":{"0":"post-236","1":"product","2":"type-product","3":"status-publish","4":"has-post-thumbnail","6":"product_cat-apparel","7":"product_cat-toddler","9":"first","10":"instock","11":"taxable","12":"shipping-taxable","13":"purchasable","14":"product-type-variable"},"jetpack_sharing_enabled":true,"_links":{"self":[{"href":"https:\/\/www.sana-wellness.com\/espanol\/wp-json\/wp\/v2\/product\/236","targetHints":{"allow":["GET"]}}],"collection":[{"href":"https:\/\/www.sana-wellness.com\/espanol\/wp-json\/wp\/v2\/product"}],"about":[{"href":"https:\/\/www.sana-wellness.com\/espanol\/wp-json\/wp\/v2\/types\/product"}],"replies":[{"embeddable":true,"href":"https:\/\/www.sana-wellness.com\/espanol\/wp-json\/wp\/v2\/comments?post=236"}],"wp:featuredmedia":[{"embeddable":true,"href":"https:\/\/www.sana-wellness.com\/espanol\/wp-json\/wp\/v2\/media\/241"}],"wp:attachment":[{"href":"https:\/\/www.sana-wellness.com\/espanol\/wp-json\/wp\/v2\/media?parent=236"}],"wp:term":[{"taxonomy":"product_brand","embeddable":true,"href":"https:\/\/www.sana-wellness.com\/espanol\/wp-json\/wp\/v2\/product_brand?post=236"},{"taxonomy":"product_cat","embeddable":true,"href":"https:\/\/www.sana-wellness.com\/espanol\/wp-json\/wp\/v2\/product_cat?post=236"},{"taxonomy":"product_tag","embeddable":true,"href":"https:\/\/www.sana-wellness.com\/espanol\/wp-json\/wp\/v2\/product_tag?post=236"}],"curies":[{"name":"wp","href":"https:\/\/api.w.org\/{rel}","templated":true}]}}